{"id":13,"date":"2022-06-30T09:27:34","date_gmt":"2022-06-30T09:27:34","guid":{"rendered":"https:\/\/jewelrysantabarbara.actionlocalwebsites.com\/?page_id=13"},"modified":"2025-05-19T15:42:14","modified_gmt":"2025-05-19T15:42:14","slug":"about-us","status":"publish","type":"page","link":"https:\/\/www.jewelrysantabarbara.com\/es\/about-us\/","title":{"rendered":"Sobre nosotros"},"content":{"rendered":"<div data-elementor-type=\"wp-page\" data-elementor-id=\"13\" class=\"elementor elementor-13\" data-elementor-post-type=\"page\">\n\t\t\t\t<div class=\"elementor-element elementor-element-5ac8309 e-flex e-con-boxed e-con e-parent\" data-id=\"5ac8309\" data-element_type=\"container\" data-e-type=\"container\" data-settings=\"{&quot;background_background&quot;:&quot;classic&quot;,&quot;shape_divider_bottom&quot;:&quot;arrow&quot;}\">\n\t\t\t\t\t<div class=\"e-con-inner\">\n\t\t\t\t<div class=\"elementor-shape elementor-shape-bottom\" aria-hidden=\"true\" data-negative=\"false\">\n\t\t\t<svg xmlns=\"http:\/\/www.w3.org\/2000\/svg\" viewbox=\"0 0 700 10\" preserveaspectratio=\"none\">\n\t<path class=\"elementor-shape-fill\" d=\"M350,10L340,0h20L350,10z\"\/>\n<\/svg>\t\t<\/div>\n\t\t\t\t<div class=\"elementor-element elementor-element-61e0941 elementor-widget elementor-widget-heading\" data-id=\"61e0941\" data-element_type=\"widget\" data-e-type=\"widget\" data-widget_type=\"heading.default\">\n\t\t\t\t<div class=\"elementor-widget-container\">\n\t\t\t\t\t<h1 class=\"elementor-heading-title elementor-size-default\">Sobre nosotros<\/h1>\t\t\t\t<\/div>\n\t\t\t\t<\/div>\n\t\t\t\t<div class=\"elementor-element elementor-element-8c48356 elementor-widget elementor-widget-text-editor\" data-id=\"8c48356\" data-element_type=\"widget\" data-e-type=\"widget\" data-widget_type=\"text-editor.default\">\n\t\t\t\t<div class=\"elementor-widget-container\">\n\t\t\t\t\t\t\t\t\t<p>La opci\u00f3n preferida de Santa B\u00e1rbara para joyer\u00eda<\/p>\t\t\t\t\t\t\t\t<\/div>\n\t\t\t\t<\/div>\n\t\t\t\t\t<\/div>\n\t\t\t\t<\/div>\n\t\t\t\t<section class=\"elementor-section elementor-top-section elementor-element elementor-element-e16f804 elementor-section-boxed elementor-section-height-default elementor-section-height-default\" data-id=\"e16f804\" data-element_type=\"section\" data-e-type=\"section\" data-settings=\"{&quot;background_background&quot;:&quot;classic&quot;}\">\n\t\t\t\t\t\t<div class=\"elementor-container elementor-column-gap-default\">\n\t\t\t\t\t<div class=\"elementor-column elementor-col-100 elementor-top-column elementor-element elementor-element-faf6004\" data-id=\"faf6004\" data-element_type=\"column\" data-e-type=\"column\">\n\t\t\t<div class=\"elementor-widget-wrap elementor-element-populated\">\n\t\t\t\t\t\t<div class=\"elementor-element elementor-element-466fda1 elementor-widget elementor-widget-heading\" data-id=\"466fda1\" data-element_type=\"widget\" data-e-type=\"widget\" data-widget_type=\"heading.default\">\n\t\t\t\t<div class=\"elementor-widget-container\">\n\t\t\t\t\t<h2 class=\"elementor-heading-title elementor-size-default\">Joyer\u00eda local de propiedad familiar desde el a\u00f1o 2000.<\/h2>\t\t\t\t<\/div>\n\t\t\t\t<\/div>\n\t\t\t\t<div class=\"elementor-element elementor-element-ef0eca0 elementor-widget elementor-widget-text-editor\" data-id=\"ef0eca0\" data-element_type=\"widget\" data-e-type=\"widget\" data-widget_type=\"text-editor.default\">\n\t\t\t\t<div class=\"elementor-widget-container\">\n\t\t\t\t\t\t\t\t\t<p>Joyeria Latina Americana lleva m\u00e1s de dos d\u00e9cadas ofreciendo joyer\u00eda fina y exclusiva en el condado de Santa B\u00e1rbara. Nos especializamos en la reparaci\u00f3n de joyas y relojes. Si busca un regalo especial, algo para sorprender a sus clientes o simplemente un capricho, no busque m\u00e1s: Joyeria Latina Americana es la opci\u00f3n ideal.<\/p>\t\t\t\t\t\t\t\t<\/div>\n\t\t\t\t<\/div>\n\t\t\t\t\t<\/div>\n\t\t<\/div>\n\t\t\t\t\t<\/div>\n\t\t<\/section>\n\t\t<div class=\"elementor-element elementor-element-0263097 e-flex e-con-boxed e-con e-parent\" data-id=\"0263097\" data-element_type=\"container\" data-e-type=\"container\">\n\t\t\t\t\t<div class=\"e-con-inner\">\n\t\t<div class=\"elementor-element elementor-element-b4d66e2 e-grid e-con-full e-con e-child\" data-id=\"b4d66e2\" data-element_type=\"container\" data-e-type=\"container\">\n\t\t\t\t<div class=\"elementor-element elementor-element-098ab17 elementor-cta--skin-classic elementor-animated-content elementor-bg-transform elementor-bg-transform-zoom-in elementor-widget elementor-widget-call-to-action\" data-id=\"098ab17\" data-element_type=\"widget\" data-e-type=\"widget\" data-widget_type=\"call-to-action.default\">\n\t\t\t\t<div class=\"elementor-widget-container\">\n\t\t\t\t\t\t\t<div class=\"elementor-cta\">\n\t\t\t\t\t<div class=\"elementor-cta__bg-wrapper\">\n\t\t\t\t<div class=\"elementor-cta__bg elementor-bg\" style=\"background-image: url(https:\/\/www.jewelrysantabarbara.com\/wp-content\/uploads\/sites\/39\/2022\/06\/Large-Selection-of-Gold-Chains-Photo.jpg);\" role=\"img\" aria-label=\"Gran selecci\u00f3n de fotos de cadenas de oro.\"><\/div>\n\t\t\t\t<div class=\"elementor-cta__bg-overlay\"><\/div>\n\t\t\t<\/div>\n\t\t\t\t\t\t\t<div class=\"elementor-cta__content\">\n\t\t\t\t\n\t\t\t\t\t\t\t\t\t<h3 class=\"elementor-cta__title elementor-cta__content-item elementor-content-item\">\n\t\t\t\t\t\tCompramos oro y plata.\t\t\t\t\t<\/h3>\n\t\t\t\t\n\t\t\t\t\n\t\t\t\t\t\t\t<\/div>\n\t\t\t\t\t\t<\/div>\n\t\t\t\t\t\t<\/div>\n\t\t\t\t<\/div>\n\t\t\t\t<div class=\"elementor-element elementor-element-7ab05f8 elementor-cta--skin-classic elementor-animated-content elementor-bg-transform elementor-bg-transform-zoom-in elementor-widget elementor-widget-call-to-action\" data-id=\"7ab05f8\" data-element_type=\"widget\" data-e-type=\"widget\" data-widget_type=\"call-to-action.default\">\n\t\t\t\t<div class=\"elementor-widget-container\">\n\t\t\t\t\t\t\t<div class=\"elementor-cta\">\n\t\t\t\t\t<div class=\"elementor-cta__bg-wrapper\">\n\t\t\t\t<div class=\"elementor-cta__bg elementor-bg\" style=\"background-image: url(https:\/\/cdn.actionlocalwebsites.com\/wp-content\/uploads\/sites\/39\/2025\/05\/16214102\/20250506_110605-1024x485.webp);\" role=\"img\" aria-label=\"Exhibici\u00f3n de collares\"><\/div>\n\t\t\t\t<div class=\"elementor-cta__bg-overlay\"><\/div>\n\t\t\t<\/div>\n\t\t\t\t\t\t\t<div class=\"elementor-cta__content\">\n\t\t\t\t\n\t\t\t\t\t\t\t\t\t<h3 class=\"elementor-cta__title elementor-cta__content-item elementor-content-item\">\n\t\t\t\t\t\tDisponibles opciones de pago a plazos y arrendamiento con Acima.\t\t\t\t\t<\/h3>\n\t\t\t\t\n\t\t\t\t\n\t\t\t\t\t\t\t<\/div>\n\t\t\t\t\t\t<\/div>\n\t\t\t\t\t\t<\/div>\n\t\t\t\t<\/div>\n\t\t\t\t<div class=\"elementor-element elementor-element-e978533 elementor-cta--skin-classic elementor-animated-content elementor-bg-transform elementor-bg-transform-zoom-in elementor-widget elementor-widget-call-to-action\" data-id=\"e978533\" data-element_type=\"widget\" data-e-type=\"widget\" data-widget_type=\"call-to-action.default\">\n\t\t\t\t<div class=\"elementor-widget-container\">\n\t\t\t\t\t\t\t<div class=\"elementor-cta\">\n\t\t\t\t\t<div class=\"elementor-cta__bg-wrapper\">\n\t\t\t\t<div class=\"elementor-cta__bg elementor-bg\" style=\"background-image: url(https:\/\/cdn.actionlocalwebsites.com\/wp-content\/uploads\/sites\/39\/2025\/05\/16214047\/20250506_110503-1024x485.webp);\" role=\"img\" aria-label=\"Ollama\"><\/div>\n\t\t\t\t<div class=\"elementor-cta__bg-overlay\"><\/div>\n\t\t\t<\/div>\n\t\t\t\t\t\t\t<div class=\"elementor-cta__content\">\n\t\t\t\t\n\t\t\t\t\t\t\t\t\t<h3 class=\"elementor-cta__title elementor-cta__content-item elementor-content-item\">\n\t\t\t\t\t\tReparaci\u00f3n de relojes y joyas\t\t\t\t\t<\/h3>\n\t\t\t\t\n\t\t\t\t\n\t\t\t\t\t\t\t<\/div>\n\t\t\t\t\t\t<\/div>\n\t\t\t\t\t\t<\/div>\n\t\t\t\t<\/div>\n\t\t\t\t<\/div>\n\t\t\t\t\t<\/div>\n\t\t\t\t<\/div>\n\t\t<div class=\"elementor-element elementor-element-429511a e-flex e-con-boxed e-con e-parent\" data-id=\"429511a\" data-element_type=\"container\" data-e-type=\"container\">\n\t\t\t\t\t<div class=\"e-con-inner\">\n\t\t<div class=\"elementor-element elementor-element-1956598 e-con-full e-flex e-con e-child\" data-id=\"1956598\" data-element_type=\"container\" data-e-type=\"container\">\n\t\t<div class=\"elementor-element elementor-element-5cec9e0 e-con-full e-flex e-con e-child\" data-id=\"5cec9e0\" data-element_type=\"container\" data-e-type=\"container\">\n\t\t<div class=\"elementor-element elementor-element-aa4af1d e-con-full e-flex e-con e-child\" data-id=\"aa4af1d\" data-element_type=\"container\" data-e-type=\"container\">\n\t\t\t\t<div class=\"elementor-element elementor-element-15660fc elementor-widget elementor-widget-text-editor\" data-id=\"15660fc\" data-element_type=\"widget\" data-e-type=\"widget\" data-widget_type=\"text-editor.default\">\n\t\t\t\t<div class=\"elementor-widget-container\">\n\t\t\t\t\t\t\t\t\t<ul><li>Certificado por la Junta<\/li><li>De propiedad y gesti\u00f3n local.<\/li><li>Asegurado y con fianza<\/li><\/ul>\t\t\t\t\t\t\t\t<\/div>\n\t\t\t\t<\/div>\n\t\t\t\t<\/div>\n\t\t<div class=\"elementor-element elementor-element-135d0d5 e-con-full e-flex e-con e-child\" data-id=\"135d0d5\" data-element_type=\"container\" data-e-type=\"container\">\n\t\t\t\t<div class=\"elementor-element elementor-element-0824361 elementor-widget elementor-widget-text-editor\" data-id=\"0824361\" data-element_type=\"widget\" data-e-type=\"widget\" data-widget_type=\"text-editor.default\">\n\t\t\t\t<div class=\"elementor-widget-container\">\n\t\t\t\t\t\t\t\t\t<ul><li>Garant\u00eda de mano de obra<\/li><li>10% Descuento para personas mayores<\/li><li>Empresa familiar.<\/li><\/ul>\t\t\t\t\t\t\t\t<\/div>\n\t\t\t\t<\/div>\n\t\t\t\t<\/div>\n\t\t<div class=\"elementor-element elementor-element-eab5d5e e-con-full e-flex e-con e-child\" data-id=\"eab5d5e\" data-element_type=\"container\" data-e-type=\"container\">\n\t\t\t\t<div class=\"elementor-element elementor-element-03d49fc elementor-widget elementor-widget-text-editor\" data-id=\"03d49fc\" data-element_type=\"widget\" data-e-type=\"widget\" data-widget_type=\"text-editor.default\">\n\t\t\t\t<div class=\"elementor-widget-container\">\n\t\t\t\t\t\t\t\t\t<ul><li>Se Habla Espa\u00f1ol<\/li><li>Plan de pago a plazos disponible<\/li><li>Fundada en 2000<\/li><\/ul>\t\t\t\t\t\t\t\t<\/div>\n\t\t\t\t<\/div>\n\t\t\t\t<\/div>\n\t\t\t\t<\/div>\n\t\t\t\t<\/div>\n\t\t\t\t\t<\/div>\n\t\t\t\t<\/div>\n\t\t<div class=\"elementor-element elementor-element-d3f8050 e-flex e-con-boxed e-con e-parent\" data-id=\"d3f8050\" data-element_type=\"container\" data-e-type=\"container\" data-settings=\"{&quot;background_background&quot;:&quot;classic&quot;}\">\n\t\t\t\t\t<div class=\"e-con-inner\">\n\t\t\t\t<div class=\"elementor-element elementor-element-8465b5b elementor-widget elementor-widget-heading\" data-id=\"8465b5b\" data-element_type=\"widget\" data-e-type=\"widget\" data-widget_type=\"heading.default\">\n\t\t\t\t<div class=\"elementor-widget-container\">\n\t\t\t\t\t<h2 class=\"elementor-heading-title elementor-size-default\">Contacta con Joyer\u00eda Latina Americana para todas tus necesidades de joyer\u00eda.<\/h2>\t\t\t\t<\/div>\n\t\t\t\t<\/div>\n\t\t\t\t<div class=\"elementor-element elementor-element-68f63cc elementor-widget elementor-widget-text-editor\" data-id=\"68f63cc\" data-element_type=\"widget\" data-e-type=\"widget\" data-widget_type=\"text-editor.default\">\n\t\t\t\t<div class=\"elementor-widget-container\">\n\t\t\t\t\t\t\t\t\tLa opci\u00f3n preferida de Santa B\u00e1rbara para joyer\u00eda. Visite nuestra sala de exposici\u00f3n o ll\u00e1menos al\u00a0<span><href=\"tel:\/\/+18059622711\">(805)\u00a0962-2711<\/a>, o<span> <href=\"https:\/\/www.jewelrysantabarbara.com\/contact-us\/index.html\">haga clic aqu\u00ed<\/a>\u00a0<\/span>para enviarnos un mensaje.\n\n<\/div>\n<\/div>\t\t\t\t\t\t\t\t<\/div>\n\t\t\t\t<\/div>\n\t\t\t\t\t<\/div>\n\t\t\t\t<\/div>\n\t\t\t\t<\/div>","protected":false},"excerpt":{"rendered":"<p>About Us Santa Barbara&#8217;s Preferred Choice for Jewelry Local, Family Owned Jewelers Since 2000 Joyeria Latina Americana has been providing Santa Barbara County with unique and fine jewelry for over two decades. We specialize in jewelry and watch repair. When you\u2019re looking for that special gift, something to amaze clients, or just a treat for [&hellip;]<\/p>\n","protected":false},"author":3,"featured_media":291,"parent":0,"menu_order":0,"comment_status":"closed","ping_status":"closed","template":"elementor_header_footer","meta":{"footnotes":""},"class_list":["post-13","page","type-page","status-publish","has-post-thumbnail","hentry"],"yoast_head":"<!-- This site is optimized with the Yoast SEO plugin v27.3 - https:\/\/yoast.com\/product\/yoast-seo-wordpress\/ -->\n<title>Local, Family Owned Jewelers - Santa Barbara<\/title>\n<meta name=\"description\" content=\"Joyeria Latina Americana has been providing Santa Barbara with fine jewelry for over two decades. We specialize in jewelry &amp; watch repair.\" \/>\n<meta name=\"robots\" content=\"index, follow, max-snippet:-1, max-image-preview:large, max-video-preview:-1\" \/>\n<link rel=\"canonical\" href=\"https:\/\/www.jewelrysantabarbara.com\/es\/about-us\/\" \/>\n<meta property=\"og:locale\" content=\"es_MX\" \/>\n<meta property=\"og:type\" content=\"article\" \/>\n<meta property=\"og:title\" content=\"Local, Family Owned Jewelers - Santa Barbara\" \/>\n<meta property=\"og:description\" content=\"Joyeria Latina Americana has been providing Santa Barbara with fine jewelry for over two decades. We specialize in jewelry &amp; watch repair.\" \/>\n<meta property=\"og:url\" content=\"https:\/\/www.jewelrysantabarbara.com\/es\/about-us\/\" \/>\n<meta property=\"og:site_name\" content=\"Joyeria Latina Americana\" \/>\n<meta property=\"article:modified_time\" content=\"2025-05-19T15:42:14+00:00\" \/>\n<meta property=\"og:image\" content=\"https:\/\/cdn.actionlocalwebsites.com\/wp-content\/uploads\/sites\/39\/2025\/05\/16214119\/20250506_113533.webp\" \/>\n\t<meta property=\"og:image:width\" content=\"1900\" \/>\n\t<meta property=\"og:image:height\" content=\"899\" \/>\n\t<meta property=\"og:image:type\" content=\"image\/webp\" \/>\n<meta name=\"twitter:card\" content=\"summary_large_image\" \/>\n<meta name=\"twitter:label1\" content=\"Tiempo de lectura\" \/>\n\t<meta name=\"twitter:data1\" content=\"1 minuto\" \/>\n<script type=\"application\/ld+json\" class=\"yoast-schema-graph\">{\"@context\":\"https:\\\/\\\/schema.org\",\"@graph\":[{\"@type\":\"WebPage\",\"@id\":\"https:\\\/\\\/www.jewelrysantabarbara.com\\\/about-us\\\/\",\"url\":\"https:\\\/\\\/www.jewelrysantabarbara.com\\\/about-us\\\/\",\"name\":\"Local, Family Owned Jewelers - Santa Barbara\",\"isPartOf\":{\"@id\":\"https:\\\/\\\/www.jewelrysantabarbara.com\\\/#website\"},\"primaryImageOfPage\":{\"@id\":\"https:\\\/\\\/www.jewelrysantabarbara.com\\\/about-us\\\/#primaryimage\"},\"image\":{\"@id\":\"https:\\\/\\\/www.jewelrysantabarbara.com\\\/about-us\\\/#primaryimage\"},\"thumbnailUrl\":\"https:\\\/\\\/cdn.actionlocalwebsites.com\\\/wp-content\\\/uploads\\\/sites\\\/39\\\/2025\\\/05\\\/16214119\\\/20250506_113533.webp\",\"datePublished\":\"2022-06-30T09:27:34+00:00\",\"dateModified\":\"2025-05-19T15:42:14+00:00\",\"description\":\"Joyeria Latina Americana has been providing Santa Barbara with fine jewelry for over two decades. We specialize in jewelry & watch repair.\",\"breadcrumb\":{\"@id\":\"https:\\\/\\\/www.jewelrysantabarbara.com\\\/about-us\\\/#breadcrumb\"},\"inLanguage\":\"es\",\"potentialAction\":[{\"@type\":\"ReadAction\",\"target\":[\"https:\\\/\\\/www.jewelrysantabarbara.com\\\/about-us\\\/\"]}]},{\"@type\":\"ImageObject\",\"inLanguage\":\"es\",\"@id\":\"https:\\\/\\\/www.jewelrysantabarbara.com\\\/about-us\\\/#primaryimage\",\"url\":\"https:\\\/\\\/cdn.actionlocalwebsites.com\\\/wp-content\\\/uploads\\\/sites\\\/39\\\/2025\\\/05\\\/16214119\\\/20250506_113533.webp\",\"contentUrl\":\"https:\\\/\\\/cdn.actionlocalwebsites.com\\\/wp-content\\\/uploads\\\/sites\\\/39\\\/2025\\\/05\\\/16214119\\\/20250506_113533.webp\",\"width\":1900,\"height\":899,\"caption\":\"Joyeria Latina Americana interior\"},{\"@type\":\"BreadcrumbList\",\"@id\":\"https:\\\/\\\/www.jewelrysantabarbara.com\\\/about-us\\\/#breadcrumb\",\"itemListElement\":[{\"@type\":\"ListItem\",\"position\":1,\"name\":\"Home\",\"item\":\"https:\\\/\\\/www.jewelrysantabarbara.com\\\/\"},{\"@type\":\"ListItem\",\"position\":2,\"name\":\"About us\"}]},{\"@type\":\"WebSite\",\"@id\":\"https:\\\/\\\/www.jewelrysantabarbara.com\\\/#website\",\"url\":\"https:\\\/\\\/www.jewelrysantabarbara.com\\\/\",\"name\":\"Joyeria Latina Americana\",\"description\":\"Santa Barbara\u2019s preferred choice for jewelry.\",\"publisher\":{\"@id\":\"https:\\\/\\\/www.jewelrysantabarbara.com\\\/#organization\"},\"potentialAction\":[{\"@type\":\"SearchAction\",\"target\":{\"@type\":\"EntryPoint\",\"urlTemplate\":\"https:\\\/\\\/www.jewelrysantabarbara.com\\\/?s={search_term_string}\"},\"query-input\":{\"@type\":\"PropertyValueSpecification\",\"valueRequired\":true,\"valueName\":\"search_term_string\"}}],\"inLanguage\":\"es\"},{\"@type\":\"Organization\",\"@id\":\"https:\\\/\\\/www.jewelrysantabarbara.com\\\/#organization\",\"name\":\"Joyeria Latina Americana\",\"url\":\"https:\\\/\\\/www.jewelrysantabarbara.com\\\/\",\"logo\":{\"@type\":\"ImageObject\",\"inLanguage\":\"es\",\"@id\":\"https:\\\/\\\/www.jewelrysantabarbara.com\\\/#\\\/schema\\\/logo\\\/image\\\/\",\"url\":\"https:\\\/\\\/www.jewelrysantabarbara.com\\\/wp-content\\\/uploads\\\/sites\\\/39\\\/2022\\\/06\\\/image-1.png\",\"contentUrl\":\"https:\\\/\\\/www.jewelrysantabarbara.com\\\/wp-content\\\/uploads\\\/sites\\\/39\\\/2022\\\/06\\\/image-1.png\",\"width\":773,\"height\":206,\"caption\":\"Joyeria Latina Americana\"},\"image\":{\"@id\":\"https:\\\/\\\/www.jewelrysantabarbara.com\\\/#\\\/schema\\\/logo\\\/image\\\/\"}}]}<\/script>\n<!-- \/ Yoast SEO plugin. -->","yoast_head_json":{"title":"Local, Family Owned Jewelers - Santa Barbara","description":"Joyeria Latina Americana has been providing Santa Barbara with fine jewelry for over two decades. We specialize in jewelry & watch repair.","robots":{"index":"index","follow":"follow","max-snippet":"max-snippet:-1","max-image-preview":"max-image-preview:large","max-video-preview":"max-video-preview:-1"},"canonical":"https:\/\/www.jewelrysantabarbara.com\/es\/about-us\/","og_locale":"es_MX","og_type":"article","og_title":"Local, Family Owned Jewelers - Santa Barbara","og_description":"Joyeria Latina Americana has been providing Santa Barbara with fine jewelry for over two decades. We specialize in jewelry & watch repair.","og_url":"https:\/\/www.jewelrysantabarbara.com\/es\/about-us\/","og_site_name":"Joyeria Latina Americana","article_modified_time":"2025-05-19T15:42:14+00:00","og_image":[{"width":1900,"height":899,"url":"https:\/\/cdn.actionlocalwebsites.com\/wp-content\/uploads\/sites\/39\/2025\/05\/16214119\/20250506_113533.webp","type":"image\/webp"}],"twitter_card":"summary_large_image","twitter_misc":{"Tiempo de lectura":"1 minuto"},"schema":{"@context":"https:\/\/schema.org","@graph":[{"@type":"WebPage","@id":"https:\/\/www.jewelrysantabarbara.com\/about-us\/","url":"https:\/\/www.jewelrysantabarbara.com\/about-us\/","name":"Local, Family Owned Jewelers - Santa Barbara","isPartOf":{"@id":"https:\/\/www.jewelrysantabarbara.com\/#website"},"primaryImageOfPage":{"@id":"https:\/\/www.jewelrysantabarbara.com\/about-us\/#primaryimage"},"image":{"@id":"https:\/\/www.jewelrysantabarbara.com\/about-us\/#primaryimage"},"thumbnailUrl":"https:\/\/cdn.actionlocalwebsites.com\/wp-content\/uploads\/sites\/39\/2025\/05\/16214119\/20250506_113533.webp","datePublished":"2022-06-30T09:27:34+00:00","dateModified":"2025-05-19T15:42:14+00:00","description":"Joyeria Latina Americana has been providing Santa Barbara with fine jewelry for over two decades. We specialize in jewelry & watch repair.","breadcrumb":{"@id":"https:\/\/www.jewelrysantabarbara.com\/about-us\/#breadcrumb"},"inLanguage":"es","potentialAction":[{"@type":"ReadAction","target":["https:\/\/www.jewelrysantabarbara.com\/about-us\/"]}]},{"@type":"ImageObject","inLanguage":"es","@id":"https:\/\/www.jewelrysantabarbara.com\/about-us\/#primaryimage","url":"https:\/\/cdn.actionlocalwebsites.com\/wp-content\/uploads\/sites\/39\/2025\/05\/16214119\/20250506_113533.webp","contentUrl":"https:\/\/cdn.actionlocalwebsites.com\/wp-content\/uploads\/sites\/39\/2025\/05\/16214119\/20250506_113533.webp","width":1900,"height":899,"caption":"Joyeria Latina Americana interior"},{"@type":"BreadcrumbList","@id":"https:\/\/www.jewelrysantabarbara.com\/about-us\/#breadcrumb","itemListElement":[{"@type":"ListItem","position":1,"name":"Home","item":"https:\/\/www.jewelrysantabarbara.com\/"},{"@type":"ListItem","position":2,"name":"About us"}]},{"@type":"WebSite","@id":"https:\/\/www.jewelrysantabarbara.com\/#website","url":"https:\/\/www.jewelrysantabarbara.com\/","name":"Joyer\u00eda Latina Americana","description":"Santa Barbara\u2019s preferred choice for jewelry.","publisher":{"@id":"https:\/\/www.jewelrysantabarbara.com\/#organization"},"potentialAction":[{"@type":"SearchAction","target":{"@type":"EntryPoint","urlTemplate":"https:\/\/www.jewelrysantabarbara.com\/?s={search_term_string}"},"query-input":{"@type":"PropertyValueSpecification","valueRequired":true,"valueName":"search_term_string"}}],"inLanguage":"es"},{"@type":"Organization","@id":"https:\/\/www.jewelrysantabarbara.com\/#organization","name":"Joyer\u00eda Latina Americana","url":"https:\/\/www.jewelrysantabarbara.com\/","logo":{"@type":"ImageObject","inLanguage":"es","@id":"https:\/\/www.jewelrysantabarbara.com\/#\/schema\/logo\/image\/","url":"https:\/\/www.jewelrysantabarbara.com\/wp-content\/uploads\/sites\/39\/2022\/06\/image-1.png","contentUrl":"https:\/\/www.jewelrysantabarbara.com\/wp-content\/uploads\/sites\/39\/2022\/06\/image-1.png","width":773,"height":206,"caption":"Joyeria Latina Americana"},"image":{"@id":"https:\/\/www.jewelrysantabarbara.com\/#\/schema\/logo\/image\/"}}]}},"_links":{"self":[{"href":"https:\/\/www.jewelrysantabarbara.com\/es\/wp-json\/wp\/v2\/pages\/13","targetHints":{"allow":["GET"]}}],"collection":[{"href":"https:\/\/www.jewelrysantabarbara.com\/es\/wp-json\/wp\/v2\/pages"}],"about":[{"href":"https:\/\/www.jewelrysantabarbara.com\/es\/wp-json\/wp\/v2\/types\/page"}],"author":[{"embeddable":true,"href":"https:\/\/www.jewelrysantabarbara.com\/es\/wp-json\/wp\/v2\/users\/3"}],"replies":[{"embeddable":true,"href":"https:\/\/www.jewelrysantabarbara.com\/es\/wp-json\/wp\/v2\/comments?post=13"}],"version-history":[{"count":20,"href":"https:\/\/www.jewelrysantabarbara.com\/es\/wp-json\/wp\/v2\/pages\/13\/revisions"}],"predecessor-version":[{"id":477,"href":"https:\/\/www.jewelrysantabarbara.com\/es\/wp-json\/wp\/v2\/pages\/13\/revisions\/477"}],"wp:featuredmedia":[{"embeddable":true,"href":"https:\/\/www.jewelrysantabarbara.com\/es\/wp-json\/wp\/v2\/media\/291"}],"wp:attachment":[{"href":"https:\/\/www.jewelrysantabarbara.com\/es\/wp-json\/wp\/v2\/media?parent=13"}],"curies":[{"name":"wp","href":"https:\/\/api.w.org\/{rel}","templated":true}]}}